{"id":1626,"date":"2017-08-24T10:38:39","date_gmt":"2017-08-24T10:38:39","guid":{"rendered":"http:\/\/september.themes.tvda.pw\/?page_id=1626"},"modified":"2022-05-13T13:35:08","modified_gmt":"2022-05-13T13:35:08","slug":"insights","status":"publish","type":"page","link":"https:\/\/vtmar.com\/pt\/insights\/","title":{"rendered":"Insights"},"content":{"rendered":"<div  class=\"ivan-custom-wrapper theme_default\"  style=\"padding-top: 0px;margin-bottom: 0px;\"><div data-vc-full-width=\"true\" data-vc-full-width-init=\"false\" data-vc-stretch-content=\"true\" class=\"vc_row wpb_row vc_row-fluid vc_custom_1503522072654 vc_row-no-padding\">\n\t<div class=\"vc_col-sm-12 wpb_column vc_column_container\"  data-wow-delay=\"0ms\">\n\t\t<div class=\"wpb_wrapper\">\n\t\t\t<div class=\"ivan-projects-main-wrapper  lateral-cover-wrapper  vc_1503571117903\"><div class=\"ivan-vc-filters-wrapper\"><div class=\"ivan-vc-filters\"><a href=\"#\" data-filter=\"all\" class=\"current\">All<\/a><a href=\"#\" data-filter=\"cat-media\">Media<\/a><a href=\"#\" data-filter=\"cat-opiniao\">Opini\u00e3o<\/a><a href=\"#\" data-filter=\"cat-projetos-publicos\">Projetos P\u00fablicos<\/a><\/div><\/div><div class=\"ivan-projects ivan-projects-grid vc_row\"><div class=\"gutter-sizer\"><\/div>\n\t\t\t\t\n\t\t\t\t<div class=\"vc_col-sm-4 taphover ivan-project   zoom-hover  lateral-cover appear-hover  all cat-projetos-publicos\"  data-wow-delay=\"0ms\" data-wow-iteration=\"1\" >\n\n\t\t\t\t\t<div class=\"ivan-project-inner\">\n\n\t\t\t\t\t\t\n\t\t\t\t\t\t<a href=\"https:\/\/vtmar.com\/pt\/project\/neurohm\/\" target=\"_self\" class=\"thumbnail\" style=\"\">\n\t\t\t\t\t\t\t<img loading=\"lazy\" decoding=\"async\" width=\"900\" height=\"600\" src=\"https:\/\/vtmar.com\/wp-content\/uploads\/2022\/05\/aqaq-900x600.png\" class=\"attachment-ivan_project_large_wide_crop size-ivan_project_large_wide_crop wp-post-image\" alt=\"\" srcset=\"https:\/\/vtmar.com\/wp-content\/uploads\/2022\/05\/aqaq-900x600.png 900w, https:\/\/vtmar.com\/wp-content\/uploads\/2022\/05\/aqaq-1200x800.png 1200w, https:\/\/vtmar.com\/wp-content\/uploads\/2022\/05\/aqaq-18x12.png 18w\" sizes=\"auto, (max-width: 900px) 100vw, 900px\" \/>\n\t\t\t\t\t\t\t<span class=\"ivan-hover-fx\"><\/span>\n\n\t\t\t\t\t\t\t\n\t\t\t\t\t\t<\/a>\n\n\t\t\t\t\t\t\t\t\t\t\t\t<div class=\"entry\">\n\t\t\t\t\t\t\t<div class=\"entry-inner\">\n\n\t\t\t\t\t\t\t\t\n\t\t\t\t\t\t\t\t<div class=\"centered\">\n\n\t\t\t\t\t\t\t\t\t\t\t\t\t\t\t\t\t\t<a href=\"https:\/\/vtmar.com\/pt\/project\/neurohm\/\">View Case<\/a>\n\t\t\t\t\t\t\t\t\t<div class=\"ivan-vc-separator small left\"><\/div>\n\t\t\t\t\t\t\t\t\t<div class=\"frame-border\">\n\t\t\t\t\t\t\t\t\t\t\t\t\t\t\t\t\t\t\t\t\t<div class=\"categories\">Projetos P\u00fablicos<\/div>\t\t\t\t\t\t\t\t\t\t\t\t\t\t\t\t\t\t\t\t\n\t\t\t\t\t\t\t\t\t\t\t\t\t\t\t\t\t\t\t\t<h3>Covid-19 Fever<\/h3>\n\t\t\t\t\t\t\t\t\t\t\t\t\t\t\t\t\t\t\t<\/div>\n\n\t\t\t\t\t\t\t\t\t\n\t\t\t\t\t\t\t\t\t\n\t\t\t\t\t\t\t\t\t\n\t\t\t\t\t\t\t\t<\/div>\n\t\t\t\t\t\t\t<\/div>\n\t\t\t\t\t\t<\/div>\n\t\t\t\t\t\t\t\t\t\t\t<\/div>\n\n\t\t\t\t\t<div><\/div>\n\t\t\t\t<\/div>\n\n\t\t\t\t\n\t\t\t\t\n\t\t\t\t<div class=\"vc_col-sm-4 taphover ivan-project   zoom-hover  lateral-cover appear-hover  all cat-projetos-publicos\"  data-wow-delay=\"0ms\" data-wow-iteration=\"1\" >\n\n\t\t\t\t\t<div class=\"ivan-project-inner\">\n\n\t\t\t\t\t\t\n\t\t\t\t\t\t<a href=\"https:\/\/vtmar.com\/pt\/project\/cc-dieta-mediterranica\/\" target=\"_self\" class=\"thumbnail\" style=\"\">\n\t\t\t\t\t\t\t<img loading=\"lazy\" decoding=\"async\" width=\"900\" height=\"600\" src=\"https:\/\/vtmar.com\/wp-content\/uploads\/2022\/05\/pexels-mark-stebnicki-2252584-scaled-900x600.jpg\" class=\"attachment-ivan_project_large_wide_crop size-ivan_project_large_wide_crop wp-post-image\" alt=\"\" srcset=\"https:\/\/vtmar.com\/wp-content\/uploads\/2022\/05\/pexels-mark-stebnicki-2252584-scaled-900x600.jpg 900w, https:\/\/vtmar.com\/wp-content\/uploads\/2022\/05\/pexels-mark-stebnicki-2252584-480x320.jpg 480w, https:\/\/vtmar.com\/wp-content\/uploads\/2022\/05\/pexels-mark-stebnicki-2252584-1200x800.jpg 1200w, https:\/\/vtmar.com\/wp-content\/uploads\/2022\/05\/pexels-mark-stebnicki-2252584-scaled-18x12.jpg 18w\" sizes=\"auto, (max-width: 900px) 100vw, 900px\" \/>\n\t\t\t\t\t\t\t<span class=\"ivan-hover-fx\"><\/span>\n\n\t\t\t\t\t\t\t\n\t\t\t\t\t\t<\/a>\n\n\t\t\t\t\t\t\t\t\t\t\t\t<div class=\"entry\">\n\t\t\t\t\t\t\t<div class=\"entry-inner\">\n\n\t\t\t\t\t\t\t\t\n\t\t\t\t\t\t\t\t<div class=\"centered\">\n\n\t\t\t\t\t\t\t\t\t\t\t\t\t\t\t\t\t\t<a href=\"https:\/\/vtmar.com\/pt\/project\/cc-dieta-mediterranica\/\">View Case<\/a>\n\t\t\t\t\t\t\t\t\t<div class=\"ivan-vc-separator small left\"><\/div>\n\t\t\t\t\t\t\t\t\t<div class=\"frame-border\">\n\t\t\t\t\t\t\t\t\t\t\t\t\t\t\t\t\t\t\t\t\t<div class=\"categories\">Projetos P\u00fablicos<\/div>\t\t\t\t\t\t\t\t\t\t\t\t\t\t\t\t\t\t\t\t\n\t\t\t\t\t\t\t\t\t\t\t\t\t\t\t\t\t\t\t\t<h3>Dieta mediterranica<\/h3>\n\t\t\t\t\t\t\t\t\t\t\t\t\t\t\t\t\t\t\t<\/div>\n\n\t\t\t\t\t\t\t\t\t\n\t\t\t\t\t\t\t\t\t\n\t\t\t\t\t\t\t\t\t\n\t\t\t\t\t\t\t\t<\/div>\n\t\t\t\t\t\t\t<\/div>\n\t\t\t\t\t\t<\/div>\n\t\t\t\t\t\t\t\t\t\t\t<\/div>\n\n\t\t\t\t\t<div><\/div>\n\t\t\t\t<\/div>\n\n\t\t\t\t\n\t\t\t\t\n\t\t\t\t<div class=\"vc_col-sm-4 taphover ivan-project   zoom-hover  lateral-cover appear-hover  all cat-media\"  data-wow-delay=\"0ms\" data-wow-iteration=\"1\" >\n\n\t\t\t\t\t<div class=\"ivan-project-inner\">\n\n\t\t\t\t\t\t\n\t\t\t\t\t\t<a href=\"https:\/\/vtmar.com\/pt\/project\/pnpas-divulga-resultados-de-estudo-sobre-a-dieta-mediterranica\/\" target=\"_self\" class=\"thumbnail\" style=\"\">\n\t\t\t\t\t\t\t<img loading=\"lazy\" decoding=\"async\" width=\"900\" height=\"600\" src=\"https:\/\/vtmar.com\/wp-content\/uploads\/2022\/05\/LOGOS-PROGRAMAS_RGB-03-06-PNPAS--e1652830607414-900x600.jpg\" class=\"attachment-ivan_project_large_wide_crop size-ivan_project_large_wide_crop wp-post-image\" alt=\"\" srcset=\"https:\/\/vtmar.com\/wp-content\/uploads\/2022\/05\/LOGOS-PROGRAMAS_RGB-03-06-PNPAS--e1652830607414-900x600.jpg 900w, https:\/\/vtmar.com\/wp-content\/uploads\/2022\/05\/LOGOS-PROGRAMAS_RGB-03-06-PNPAS--e1652830607414-18x12.jpg 18w\" sizes=\"auto, (max-width: 900px) 100vw, 900px\" \/>\n\t\t\t\t\t\t\t<span class=\"ivan-hover-fx\"><\/span>\n\n\t\t\t\t\t\t\t\n\t\t\t\t\t\t<\/a>\n\n\t\t\t\t\t\t\t\t\t\t\t\t<div class=\"entry\">\n\t\t\t\t\t\t\t<div class=\"entry-inner\">\n\n\t\t\t\t\t\t\t\t\n\t\t\t\t\t\t\t\t<div class=\"centered\">\n\n\t\t\t\t\t\t\t\t\t\t\t\t\t\t\t\t\t\t<a href=\"https:\/\/vtmar.com\/pt\/project\/pnpas-divulga-resultados-de-estudo-sobre-a-dieta-mediterranica\/\">View Case<\/a>\n\t\t\t\t\t\t\t\t\t<div class=\"ivan-vc-separator small left\"><\/div>\n\t\t\t\t\t\t\t\t\t<div class=\"frame-border\">\n\t\t\t\t\t\t\t\t\t\t\t\t\t\t\t\t\t\t\t\t\t<div class=\"categories\">Media<\/div>\t\t\t\t\t\t\t\t\t\t\t\t\t\t\t\t\t\t\t\t\n\t\t\t\t\t\t\t\t\t\t\t\t\t\t\t\t\t\t\t\t<h3>No Nutrimento<\/h3>\n\t\t\t\t\t\t\t\t\t\t\t\t\t\t\t\t\t\t\t<\/div>\n\n\t\t\t\t\t\t\t\t\t\n\t\t\t\t\t\t\t\t\t\n\t\t\t\t\t\t\t\t\t\n\t\t\t\t\t\t\t\t<\/div>\n\t\t\t\t\t\t\t<\/div>\n\t\t\t\t\t\t<\/div>\n\t\t\t\t\t\t\t\t\t\t\t<\/div>\n\n\t\t\t\t\t<div><\/div>\n\t\t\t\t<\/div>\n\n\t\t\t\t\n\t\t\t\t\n\t\t\t\t<div class=\"vc_col-sm-4 taphover ivan-project   zoom-hover  lateral-cover appear-hover  all cat-opiniao\"  data-wow-delay=\"0ms\" data-wow-iteration=\"1\" >\n\n\t\t\t\t\t<div class=\"ivan-project-inner\">\n\n\t\t\t\t\t\t\n\t\t\t\t\t\t<a href=\"https:\/\/vtmar.com\/pt\/project\/data-science-e-neuromarketing-adversarios-ou-aliados\/\" target=\"_self\" class=\"thumbnail\" style=\"\">\n\t\t\t\t\t\t\t<img loading=\"lazy\" decoding=\"async\" width=\"894\" height=\"600\" src=\"https:\/\/vtmar.com\/wp-content\/uploads\/2022\/05\/Captura-de-ecra\u0303-2022-05-07-a\u0300s-09.11.07-894x600.png\" class=\"attachment-ivan_project_large_wide_crop size-ivan_project_large_wide_crop wp-post-image\" alt=\"\" \/>\n\t\t\t\t\t\t\t<span class=\"ivan-hover-fx\"><\/span>\n\n\t\t\t\t\t\t\t\n\t\t\t\t\t\t<\/a>\n\n\t\t\t\t\t\t\t\t\t\t\t\t<div class=\"entry\">\n\t\t\t\t\t\t\t<div class=\"entry-inner\">\n\n\t\t\t\t\t\t\t\t\n\t\t\t\t\t\t\t\t<div class=\"centered\">\n\n\t\t\t\t\t\t\t\t\t\t\t\t\t\t\t\t\t\t<a href=\"https:\/\/vtmar.com\/pt\/project\/data-science-e-neuromarketing-adversarios-ou-aliados\/\">View Case<\/a>\n\t\t\t\t\t\t\t\t\t<div class=\"ivan-vc-separator small left\"><\/div>\n\t\t\t\t\t\t\t\t\t<div class=\"frame-border\">\n\t\t\t\t\t\t\t\t\t\t\t\t\t\t\t\t\t\t\t\t\t<div class=\"categories\">Opini\u00e3o<\/div>\t\t\t\t\t\t\t\t\t\t\t\t\t\t\t\t\t\t\t\t\n\t\t\t\t\t\t\t\t\t\t\t\t\t\t\t\t\t\t\t\t<h3>Data Science e Neuromarketing<\/h3>\n\t\t\t\t\t\t\t\t\t\t\t\t\t\t\t\t\t\t\t<\/div>\n\n\t\t\t\t\t\t\t\t\t\n\t\t\t\t\t\t\t\t\t\n\t\t\t\t\t\t\t\t\t\n\t\t\t\t\t\t\t\t<\/div>\n\t\t\t\t\t\t\t<\/div>\n\t\t\t\t\t\t<\/div>\n\t\t\t\t\t\t\t\t\t\t\t<\/div>\n\n\t\t\t\t\t<div><\/div>\n\t\t\t\t<\/div>\n\n\t\t\t\t\n\t\t\t\t\n\t\t\t\t<div class=\"vc_col-sm-4 taphover ivan-project   zoom-hover  lateral-cover appear-hover  all cat-opiniao\"  data-wow-delay=\"0ms\" data-wow-iteration=\"1\" >\n\n\t\t\t\t\t<div class=\"ivan-project-inner\">\n\n\t\t\t\t\t\t\n\t\t\t\t\t\t<a href=\"https:\/\/vtmar.com\/pt\/project\/antropologia-do-consumo-os-desafios-da-atualidade\/\" target=\"_self\" class=\"thumbnail\" style=\"\">\n\t\t\t\t\t\t\t<img loading=\"lazy\" decoding=\"async\" width=\"892\" height=\"600\" src=\"https:\/\/vtmar.com\/wp-content\/uploads\/2022\/05\/Captura-de-ecra\u0303-2022-05-07-a\u0300s-09.13.09-892x600.png\" class=\"attachment-ivan_project_large_wide_crop size-ivan_project_large_wide_crop wp-post-image\" alt=\"\" \/>\n\t\t\t\t\t\t\t<span class=\"ivan-hover-fx\"><\/span>\n\n\t\t\t\t\t\t\t\n\t\t\t\t\t\t<\/a>\n\n\t\t\t\t\t\t\t\t\t\t\t\t<div class=\"entry\">\n\t\t\t\t\t\t\t<div class=\"entry-inner\">\n\n\t\t\t\t\t\t\t\t\n\t\t\t\t\t\t\t\t<div class=\"centered\">\n\n\t\t\t\t\t\t\t\t\t\t\t\t\t\t\t\t\t\t<a href=\"https:\/\/vtmar.com\/pt\/project\/antropologia-do-consumo-os-desafios-da-atualidade\/\">View Case<\/a>\n\t\t\t\t\t\t\t\t\t<div class=\"ivan-vc-separator small left\"><\/div>\n\t\t\t\t\t\t\t\t\t<div class=\"frame-border\">\n\t\t\t\t\t\t\t\t\t\t\t\t\t\t\t\t\t\t\t\t\t<div class=\"categories\">Opini\u00e3o<\/div>\t\t\t\t\t\t\t\t\t\t\t\t\t\t\t\t\t\t\t\t\n\t\t\t\t\t\t\t\t\t\t\t\t\t\t\t\t\t\t\t\t<h3>Antropologia do consumo<\/h3>\n\t\t\t\t\t\t\t\t\t\t\t\t\t\t\t\t\t\t\t<\/div>\n\n\t\t\t\t\t\t\t\t\t\n\t\t\t\t\t\t\t\t\t\n\t\t\t\t\t\t\t\t\t\n\t\t\t\t\t\t\t\t<\/div>\n\t\t\t\t\t\t\t<\/div>\n\t\t\t\t\t\t<\/div>\n\t\t\t\t\t\t\t\t\t\t\t<\/div>\n\n\t\t\t\t\t<div><\/div>\n\t\t\t\t<\/div>\n\n\t\t\t\t\n\t\t\t\t\n\t\t\t\t<div class=\"vc_col-sm-4 taphover ivan-project   zoom-hover  lateral-cover appear-hover  all cat-media\"  data-wow-delay=\"0ms\" data-wow-iteration=\"1\" >\n\n\t\t\t\t\t<div class=\"ivan-project-inner\">\n\n\t\t\t\t\t\t\n\t\t\t\t\t\t<a href=\"https:\/\/vtmar.com\/pt\/project\/quem-sao-os-jovens-portugueses-como-consomem-e-como-compram\/\" target=\"_self\" class=\"thumbnail\" style=\"\">\n\t\t\t\t\t\t\t<img loading=\"lazy\" decoding=\"async\" width=\"900\" height=\"600\" src=\"https:\/\/vtmar.com\/wp-content\/uploads\/2022\/05\/pexels-helena-lopes-708440-scaled-900x600.jpg\" class=\"attachment-ivan_project_large_wide_crop size-ivan_project_large_wide_crop wp-post-image\" alt=\"\" srcset=\"https:\/\/vtmar.com\/wp-content\/uploads\/2022\/05\/pexels-helena-lopes-708440-scaled-900x600.jpg 900w, https:\/\/vtmar.com\/wp-content\/uploads\/2022\/05\/pexels-helena-lopes-708440-scaled-18x12.jpg 18w\" sizes=\"auto, (max-width: 900px) 100vw, 900px\" \/>\n\t\t\t\t\t\t\t<span class=\"ivan-hover-fx\"><\/span>\n\n\t\t\t\t\t\t\t\n\t\t\t\t\t\t<\/a>\n\n\t\t\t\t\t\t\t\t\t\t\t\t<div class=\"entry\">\n\t\t\t\t\t\t\t<div class=\"entry-inner\">\n\n\t\t\t\t\t\t\t\t\n\t\t\t\t\t\t\t\t<div class=\"centered\">\n\n\t\t\t\t\t\t\t\t\t\t\t\t\t\t\t\t\t\t<a href=\"https:\/\/vtmar.com\/pt\/project\/quem-sao-os-jovens-portugueses-como-consomem-e-como-compram\/\">View Case<\/a>\n\t\t\t\t\t\t\t\t\t<div class=\"ivan-vc-separator small left\"><\/div>\n\t\t\t\t\t\t\t\t\t<div class=\"frame-border\">\n\t\t\t\t\t\t\t\t\t\t\t\t\t\t\t\t\t\t\t\t\t<div class=\"categories\">Media<\/div>\t\t\t\t\t\t\t\t\t\t\t\t\t\t\t\t\t\t\t\t\n\t\t\t\t\t\t\t\t\t\t\t\t\t\t\t\t\t\t\t\t<h3>Quem s\u00e3o os Jovens Portugueses?<\/h3>\n\t\t\t\t\t\t\t\t\t\t\t\t\t\t\t\t\t\t\t<\/div>\n\n\t\t\t\t\t\t\t\t\t\n\t\t\t\t\t\t\t\t\t\n\t\t\t\t\t\t\t\t\t\n\t\t\t\t\t\t\t\t<\/div>\n\t\t\t\t\t\t\t<\/div>\n\t\t\t\t\t\t<\/div>\n\t\t\t\t\t\t\t\t\t\t\t<\/div>\n\n\t\t\t\t\t<div><\/div>\n\t\t\t\t<\/div>\n\n\t\t\t\t\n\t\t\t\t\n\t\t\t\t<div class=\"vc_col-sm-4 taphover ivan-project   zoom-hover  lateral-cover appear-hover  all cat-media\"  data-wow-delay=\"0ms\" data-wow-iteration=\"1\" >\n\n\t\t\t\t\t<div class=\"ivan-project-inner\">\n\n\t\t\t\t\t\t\n\t\t\t\t\t\t<a href=\"https:\/\/vtmar.com\/pt\/project\/marcas-e-supermercados-aumentam-relevancia-junto-do-consumidor-portugues\/\" target=\"_self\" class=\"thumbnail\" style=\"\">\n\t\t\t\t\t\t\t<img loading=\"lazy\" decoding=\"async\" width=\"900\" height=\"600\" src=\"https:\/\/vtmar.com\/wp-content\/uploads\/2022\/05\/pexels-gustavo-fring-3985071-scaled-900x600.jpg\" class=\"attachment-ivan_project_large_wide_crop size-ivan_project_large_wide_crop wp-post-image\" alt=\"\" srcset=\"https:\/\/vtmar.com\/wp-content\/uploads\/2022\/05\/pexels-gustavo-fring-3985071-scaled-900x600.jpg 900w, https:\/\/vtmar.com\/wp-content\/uploads\/2022\/05\/pexels-gustavo-fring-3985071-480x320.jpg 480w, https:\/\/vtmar.com\/wp-content\/uploads\/2022\/05\/pexels-gustavo-fring-3985071-1200x800.jpg 1200w, https:\/\/vtmar.com\/wp-content\/uploads\/2022\/05\/pexels-gustavo-fring-3985071-scaled-18x12.jpg 18w\" sizes=\"auto, (max-width: 900px) 100vw, 900px\" \/>\n\t\t\t\t\t\t\t<span class=\"ivan-hover-fx\"><\/span>\n\n\t\t\t\t\t\t\t\n\t\t\t\t\t\t<\/a>\n\n\t\t\t\t\t\t\t\t\t\t\t\t<div class=\"entry\">\n\t\t\t\t\t\t\t<div class=\"entry-inner\">\n\n\t\t\t\t\t\t\t\t\n\t\t\t\t\t\t\t\t<div class=\"centered\">\n\n\t\t\t\t\t\t\t\t\t\t\t\t\t\t\t\t\t\t<a href=\"https:\/\/vtmar.com\/pt\/project\/marcas-e-supermercados-aumentam-relevancia-junto-do-consumidor-portugues\/\">View Case<\/a>\n\t\t\t\t\t\t\t\t\t<div class=\"ivan-vc-separator small left\"><\/div>\n\t\t\t\t\t\t\t\t\t<div class=\"frame-border\">\n\t\t\t\t\t\t\t\t\t\t\t\t\t\t\t\t\t\t\t\t\t<div class=\"categories\">Media<\/div>\t\t\t\t\t\t\t\t\t\t\t\t\t\t\t\t\t\t\t\t\n\t\t\t\t\t\t\t\t\t\t\t\t\t\t\t\t\t\t\t\t<h3>Marcas e supermercados<\/h3>\n\t\t\t\t\t\t\t\t\t\t\t\t\t\t\t\t\t\t\t<\/div>\n\n\t\t\t\t\t\t\t\t\t\n\t\t\t\t\t\t\t\t\t\n\t\t\t\t\t\t\t\t\t\n\t\t\t\t\t\t\t\t<\/div>\n\t\t\t\t\t\t\t<\/div>\n\t\t\t\t\t\t<\/div>\n\t\t\t\t\t\t\t\t\t\t\t<\/div>\n\n\t\t\t\t\t<div><\/div>\n\t\t\t\t<\/div>\n\n\t\t\t\t\n\t\t\t\t\n\t\t\t\t<div class=\"vc_col-sm-4 taphover ivan-project   zoom-hover  lateral-cover appear-hover  all cat-media\"  data-wow-delay=\"0ms\" data-wow-iteration=\"1\" >\n\n\t\t\t\t\t<div class=\"ivan-project-inner\">\n\n\t\t\t\t\t\t\n\t\t\t\t\t\t<a href=\"https:\/\/vtmar.com\/pt\/project\/7354\/\" target=\"_self\" class=\"thumbnail\" style=\"\">\n\t\t\t\t\t\t\t<img loading=\"lazy\" decoding=\"async\" width=\"900\" height=\"600\" src=\"https:\/\/vtmar.com\/wp-content\/uploads\/2022\/05\/pexels-edward-jenner-4031818-scaled-900x600.jpg\" class=\"attachment-ivan_project_large_wide_crop size-ivan_project_large_wide_crop wp-post-image\" alt=\"\" srcset=\"https:\/\/vtmar.com\/wp-content\/uploads\/2022\/05\/pexels-edward-jenner-4031818-scaled-900x600.jpg 900w, https:\/\/vtmar.com\/wp-content\/uploads\/2022\/05\/pexels-edward-jenner-4031818-480x320.jpg 480w, https:\/\/vtmar.com\/wp-content\/uploads\/2022\/05\/pexels-edward-jenner-4031818-1200x800.jpg 1200w, https:\/\/vtmar.com\/wp-content\/uploads\/2022\/05\/pexels-edward-jenner-4031818-scaled-18x12.jpg 18w\" sizes=\"auto, (max-width: 900px) 100vw, 900px\" \/>\n\t\t\t\t\t\t\t<span class=\"ivan-hover-fx\"><\/span>\n\n\t\t\t\t\t\t\t\n\t\t\t\t\t\t<\/a>\n\n\t\t\t\t\t\t\t\t\t\t\t\t<div class=\"entry\">\n\t\t\t\t\t\t\t<div class=\"entry-inner\">\n\n\t\t\t\t\t\t\t\t\n\t\t\t\t\t\t\t\t<div class=\"centered\">\n\n\t\t\t\t\t\t\t\t\t\t\t\t\t\t\t\t\t\t<a href=\"https:\/\/vtmar.com\/pt\/project\/7354\/\">View Case<\/a>\n\t\t\t\t\t\t\t\t\t<div class=\"ivan-vc-separator small left\"><\/div>\n\t\t\t\t\t\t\t\t\t<div class=\"frame-border\">\n\t\t\t\t\t\t\t\t\t\t\t\t\t\t\t\t\t\t\t\t\t<div class=\"categories\">Media<\/div>\t\t\t\t\t\t\t\t\t\t\t\t\t\t\t\t\t\t\t\t\n\t\t\t\t\t\t\t\t\t\t\t\t\t\t\t\t\t\t\t\t<h3>Trunfos dos portugueses<\/h3>\n\t\t\t\t\t\t\t\t\t\t\t\t\t\t\t\t\t\t\t<\/div>\n\n\t\t\t\t\t\t\t\t\t\n\t\t\t\t\t\t\t\t\t\n\t\t\t\t\t\t\t\t\t\n\t\t\t\t\t\t\t\t<\/div>\n\t\t\t\t\t\t\t<\/div>\n\t\t\t\t\t\t<\/div>\n\t\t\t\t\t\t\t\t\t\t\t<\/div>\n\n\t\t\t\t\t<div><\/div>\n\t\t\t\t<\/div>\n\n\t\t\t\t\n\t\t\t\t\n\t\t\t\t<div class=\"vc_col-sm-4 taphover ivan-project   zoom-hover  lateral-cover appear-hover  all cat-projetos-publicos\"  data-wow-delay=\"0ms\" data-wow-iteration=\"1\" >\n\n\t\t\t\t\t<div class=\"ivan-project-inner\">\n\n\t\t\t\t\t\t\n\t\t\t\t\t\t<a href=\"https:\/\/vtmar.com\/pt\/project\/i4efficiency\/\" target=\"_self\" class=\"thumbnail\" style=\"\">\n\t\t\t\t\t\t\t<img loading=\"lazy\" decoding=\"async\" width=\"900\" height=\"600\" src=\"https:\/\/vtmar.com\/wp-content\/uploads\/2023\/03\/Captura-de-ecra-2022-05-31-as-20.05.26-900x600.png\" class=\"attachment-ivan_project_large_wide_crop size-ivan_project_large_wide_crop wp-post-image\" alt=\"\" srcset=\"https:\/\/vtmar.com\/wp-content\/uploads\/2023\/03\/Captura-de-ecra-2022-05-31-as-20.05.26-900x600.png 900w, https:\/\/vtmar.com\/wp-content\/uploads\/2023\/03\/Captura-de-ecra-2022-05-31-as-20.05.26-1200x800.png 1200w\" sizes=\"auto, (max-width: 900px) 100vw, 900px\" \/>\n\t\t\t\t\t\t\t<span class=\"ivan-hover-fx\"><\/span>\n\n\t\t\t\t\t\t\t\n\t\t\t\t\t\t<\/a>\n\n\t\t\t\t\t\t\t\t\t\t\t\t<div class=\"entry\">\n\t\t\t\t\t\t\t<div class=\"entry-inner\">\n\n\t\t\t\t\t\t\t\t\n\t\t\t\t\t\t\t\t<div class=\"centered\">\n\n\t\t\t\t\t\t\t\t\t\t\t\t\t\t\t\t\t\t<a href=\"https:\/\/vtmar.com\/pt\/project\/i4efficiency\/\">View Case<\/a>\n\t\t\t\t\t\t\t\t\t<div class=\"ivan-vc-separator small left\"><\/div>\n\t\t\t\t\t\t\t\t\t<div class=\"frame-border\">\n\t\t\t\t\t\t\t\t\t\t\t\t\t\t\t\t\t\t\t\t\t<div class=\"categories\">Projetos P\u00fablicos<\/div>\t\t\t\t\t\t\t\t\t\t\t\t\t\t\t\t\t\t\t\t\n\t\t\t\t\t\t\t\t\t\t\t\t\t\t\t\t\t\t\t\t<h3>i4efficiency<\/h3>\n\t\t\t\t\t\t\t\t\t\t\t\t\t\t\t\t\t\t\t<\/div>\n\n\t\t\t\t\t\t\t\t\t\n\t\t\t\t\t\t\t\t\t\n\t\t\t\t\t\t\t\t\t\n\t\t\t\t\t\t\t\t<\/div>\n\t\t\t\t\t\t\t<\/div>\n\t\t\t\t\t\t<\/div>\n\t\t\t\t\t\t\t\t\t\t\t<\/div>\n\n\t\t\t\t\t<div><\/div>\n\t\t\t\t<\/div>\n\n\t\t\t\t\n\t\t\t\t\n\t\t\t\t<div class=\"vc_col-sm-4 taphover ivan-project   zoom-hover  lateral-cover appear-hover  all cat-projetos-publicos\"  data-wow-delay=\"0ms\" data-wow-iteration=\"1\" >\n\n\t\t\t\t\t<div class=\"ivan-project-inner\">\n\n\t\t\t\t\t\t\n\t\t\t\t\t\t<a href=\"https:\/\/vtmar.com\/pt\/project\/eship\/\" target=\"_self\" class=\"thumbnail\" style=\"\">\n\t\t\t\t\t\t\t<img loading=\"lazy\" decoding=\"async\" width=\"900\" height=\"600\" src=\"https:\/\/vtmar.com\/wp-content\/uploads\/2023\/03\/eship-900x600.png\" class=\"attachment-ivan_project_large_wide_crop size-ivan_project_large_wide_crop wp-post-image\" alt=\"\" \/>\n\t\t\t\t\t\t\t<span class=\"ivan-hover-fx\"><\/span>\n\n\t\t\t\t\t\t\t\n\t\t\t\t\t\t<\/a>\n\n\t\t\t\t\t\t\t\t\t\t\t\t<div class=\"entry\">\n\t\t\t\t\t\t\t<div class=\"entry-inner\">\n\n\t\t\t\t\t\t\t\t\n\t\t\t\t\t\t\t\t<div class=\"centered\">\n\n\t\t\t\t\t\t\t\t\t\t\t\t\t\t\t\t\t\t<a href=\"https:\/\/vtmar.com\/pt\/project\/eship\/\">View Case<\/a>\n\t\t\t\t\t\t\t\t\t<div class=\"ivan-vc-separator small left\"><\/div>\n\t\t\t\t\t\t\t\t\t<div class=\"frame-border\">\n\t\t\t\t\t\t\t\t\t\t\t\t\t\t\t\t\t\t\t\t\t<div class=\"categories\">Projetos P\u00fablicos<\/div>\t\t\t\t\t\t\t\t\t\t\t\t\t\t\t\t\t\t\t\t\n\t\t\t\t\t\t\t\t\t\t\t\t\t\t\t\t\t\t\t\t<h3>eship<\/h3>\n\t\t\t\t\t\t\t\t\t\t\t\t\t\t\t\t\t\t\t<\/div>\n\n\t\t\t\t\t\t\t\t\t\n\t\t\t\t\t\t\t\t\t\n\t\t\t\t\t\t\t\t\t\n\t\t\t\t\t\t\t\t<\/div>\n\t\t\t\t\t\t\t<\/div>\n\t\t\t\t\t\t<\/div>\n\t\t\t\t\t\t\t\t\t\t\t<\/div>\n\n\t\t\t\t\t<div><\/div>\n\t\t\t\t<\/div>\n\n\t\t\t\t<\/div><\/div>\n\t\t<\/div> <!-- END .wpb_wrapper -->\n\t<\/div> <!-- END  wpb_column vc_column_container  -->\n<\/div><div class=\"vc_row-full-width vc_clearfix\"><\/div><\/div>","protected":false},"excerpt":{"rendered":"VTMar integra o projeto piloto de implementa\u00e7\u00e3o do \u201ci4efficiency \u2013 Identificador inteligente de integra\u00e7\u00e3o e efici\u00eancia log\u00edstica\u201d, que visa a poupan\u00e7a de energia e a cria\u00e7\u00e3o de melhores condi\u00e7\u00f5es nos servi\u00e7os \u00e0s comunidades locais. O projeto que integra \u00e1reas da Uni\u00e3o de Freguesias de Sintra e na Uni\u00e3o de Freguesias de Massam\u00e1 Monte Abra\u00e3o, v\u00e3o [...]","protected":false},"author":1,"featured_media":0,"parent":0,"menu_order":0,"comment_status":"closed","ping_status":"closed","template":"","meta":{"footnotes":""},"class_list":["post-1626","page","type-page","status-publish","hentry"],"yoast_head":"<!-- This site is optimized with the Yoast SEO plugin v18.9 - https:\/\/yoast.com\/wordpress\/plugins\/seo\/ -->\n<title>Insights - VTMar<\/title>\n<meta name=\"robots\" content=\"index, follow, max-snippet:-1, max-image-preview:large, max-video-preview:-1\" \/>\n<link rel=\"canonical\" href=\"https:\/\/vtmar.com\/pt\/insights\/\" \/>\n<meta property=\"og:locale\" content=\"pt_PT\" \/>\n<meta property=\"og:type\" content=\"article\" \/>\n<meta property=\"og:title\" content=\"Insights - VTMar\" \/>\n<meta property=\"og:url\" content=\"https:\/\/vtmar.com\/pt\/insights\/\" \/>\n<meta property=\"og:site_name\" content=\"VTMar\" \/>\n<meta property=\"article:modified_time\" content=\"2022-05-13T13:35:08+00:00\" \/>\n<meta name=\"twitter:card\" content=\"summary_large_image\" \/>\n<script type=\"application\/ld+json\" class=\"yoast-schema-graph\">{\"@context\":\"https:\/\/schema.org\",\"@graph\":[{\"@type\":\"Organization\",\"@id\":\"https:\/\/vtmar.com\/#organization\",\"name\":\"VT Mar\",\"url\":\"https:\/\/vtmar.com\/\",\"sameAs\":[],\"logo\":{\"@type\":\"ImageObject\",\"inLanguage\":\"pt-PT\",\"@id\":\"https:\/\/vtmar.com\/#\/schema\/logo\/image\/\",\"url\":\"https:\/\/vtmar.com\/wp-content\/uploads\/2022\/05\/Original_VTMar.png\",\"contentUrl\":\"https:\/\/vtmar.com\/wp-content\/uploads\/2022\/05\/Original_VTMar.png\",\"width\":709,\"height\":283,\"caption\":\"VT Mar\"},\"image\":{\"@id\":\"https:\/\/vtmar.com\/#\/schema\/logo\/image\/\"}},{\"@type\":\"WebSite\",\"@id\":\"https:\/\/vtmar.com\/#website\",\"url\":\"https:\/\/vtmar.com\/\",\"name\":\"VTMar\",\"description\":\"Marketing Intelligence\",\"publisher\":{\"@id\":\"https:\/\/vtmar.com\/#organization\"},\"potentialAction\":[{\"@type\":\"SearchAction\",\"target\":{\"@type\":\"EntryPoint\",\"urlTemplate\":\"https:\/\/vtmar.com\/?s={search_term_string}\"},\"query-input\":\"required name=search_term_string\"}],\"inLanguage\":\"pt-PT\"},{\"@type\":\"WebPage\",\"@id\":\"https:\/\/vtmar.com\/insights\/#webpage\",\"url\":\"https:\/\/vtmar.com\/insights\/\",\"name\":\"Insights - VTMar\",\"isPartOf\":{\"@id\":\"https:\/\/vtmar.com\/#website\"},\"datePublished\":\"2017-08-24T10:38:39+00:00\",\"dateModified\":\"2022-05-13T13:35:08+00:00\",\"breadcrumb\":{\"@id\":\"https:\/\/vtmar.com\/insights\/#breadcrumb\"},\"inLanguage\":\"pt-PT\",\"potentialAction\":[{\"@type\":\"ReadAction\",\"target\":[\"https:\/\/vtmar.com\/insights\/\"]}]},{\"@type\":\"BreadcrumbList\",\"@id\":\"https:\/\/vtmar.com\/insights\/#breadcrumb\",\"itemListElement\":[{\"@type\":\"ListItem\",\"position\":1,\"name\":\"In\u00edcio\",\"item\":\"https:\/\/vtmar.com\/\"},{\"@type\":\"ListItem\",\"position\":2,\"name\":\"Insights\"}]}]}<\/script>\n<!-- \/ Yoast SEO plugin. -->","yoast_head_json":{"title":"Insights - VTMar","robots":{"index":"index","follow":"follow","max-snippet":"max-snippet:-1","max-image-preview":"max-image-preview:large","max-video-preview":"max-video-preview:-1"},"canonical":"https:\/\/vtmar.com\/pt\/insights\/","og_locale":"pt_PT","og_type":"article","og_title":"Insights - VTMar","og_url":"https:\/\/vtmar.com\/pt\/insights\/","og_site_name":"VTMar","article_modified_time":"2022-05-13T13:35:08+00:00","twitter_card":"summary_large_image","schema":{"@context":"https:\/\/schema.org","@graph":[{"@type":"Organization","@id":"https:\/\/vtmar.com\/#organization","name":"VT Mar","url":"https:\/\/vtmar.com\/","sameAs":[],"logo":{"@type":"ImageObject","inLanguage":"pt-PT","@id":"https:\/\/vtmar.com\/#\/schema\/logo\/image\/","url":"https:\/\/vtmar.com\/wp-content\/uploads\/2022\/05\/Original_VTMar.png","contentUrl":"https:\/\/vtmar.com\/wp-content\/uploads\/2022\/05\/Original_VTMar.png","width":709,"height":283,"caption":"VT Mar"},"image":{"@id":"https:\/\/vtmar.com\/#\/schema\/logo\/image\/"}},{"@type":"WebSite","@id":"https:\/\/vtmar.com\/#website","url":"https:\/\/vtmar.com\/","name":"VTMar","description":"Marketing Intelligence","publisher":{"@id":"https:\/\/vtmar.com\/#organization"},"potentialAction":[{"@type":"SearchAction","target":{"@type":"EntryPoint","urlTemplate":"https:\/\/vtmar.com\/?s={search_term_string}"},"query-input":"required name=search_term_string"}],"inLanguage":"pt-PT"},{"@type":"WebPage","@id":"https:\/\/vtmar.com\/insights\/#webpage","url":"https:\/\/vtmar.com\/insights\/","name":"Insights - VTMar","isPartOf":{"@id":"https:\/\/vtmar.com\/#website"},"datePublished":"2017-08-24T10:38:39+00:00","dateModified":"2022-05-13T13:35:08+00:00","breadcrumb":{"@id":"https:\/\/vtmar.com\/insights\/#breadcrumb"},"inLanguage":"pt-PT","potentialAction":[{"@type":"ReadAction","target":["https:\/\/vtmar.com\/insights\/"]}]},{"@type":"BreadcrumbList","@id":"https:\/\/vtmar.com\/insights\/#breadcrumb","itemListElement":[{"@type":"ListItem","position":1,"name":"In\u00edcio","item":"https:\/\/vtmar.com\/"},{"@type":"ListItem","position":2,"name":"Insights"}]}]}},"_links":{"self":[{"href":"https:\/\/vtmar.com\/pt\/wp-json\/wp\/v2\/pages\/1626","targetHints":{"allow":["GET"]}}],"collection":[{"href":"https:\/\/vtmar.com\/pt\/wp-json\/wp\/v2\/pages"}],"about":[{"href":"https:\/\/vtmar.com\/pt\/wp-json\/wp\/v2\/types\/page"}],"author":[{"embeddable":true,"href":"https:\/\/vtmar.com\/pt\/wp-json\/wp\/v2\/users\/1"}],"replies":[{"embeddable":true,"href":"https:\/\/vtmar.com\/pt\/wp-json\/wp\/v2\/comments?post=1626"}],"version-history":[{"count":4,"href":"https:\/\/vtmar.com\/pt\/wp-json\/wp\/v2\/pages\/1626\/revisions"}],"predecessor-version":[{"id":7480,"href":"https:\/\/vtmar.com\/pt\/wp-json\/wp\/v2\/pages\/1626\/revisions\/7480"}],"wp:attachment":[{"href":"https:\/\/vtmar.com\/pt\/wp-json\/wp\/v2\/media?parent=1626"}],"curies":[{"name":"wp","href":"https:\/\/api.w.org\/{rel}","templated":true}]}}